

{"id":70,"date":"2016-05-03T23:14:05","date_gmt":"2016-05-03T21:14:05","guid":{"rendered":"http:\/\/project.inria.fr\/2016sec2\/?page_id=70"},"modified":"2016-05-25T21:19:03","modified_gmt":"2016-05-25T19:19:03","slug":"committees","status":"publish","type":"page","link":"https:\/\/sec2-2016.inria.fr\/en\/committees\/","title":{"rendered":"Committees"},"content":{"rendered":"<p><\/p>\n<h1>Organizers<\/h1>\n<ul>\n<li>Louis Rilling, DGA Information Superiority (DGA-MI)<\/li>\n<li>S\u00e9bastien Canard, Orange Labs<\/li>\n<li>Marc Lacoste, Orange Labs<\/li>\n<\/ul>\n<h1>Program Committee<\/h1>\n<ul>\n<li>\u00c9ric Alata, INSA Toulouse<\/li>\n<li>Nadia Bennani, INSA Lyon<\/li>\n<li>Fr\u00e9d\u00e9ric Cuppens, T\u00e9l\u00e9com Bretagne<\/li>\n<li>Nora Cuppens-Boulahia, T\u00e9l\u00e9com Bretagne<\/li>\n<li>Caroline Fontaine, CNRS<\/li>\n<li>Micha\u00ebl Hauspie, Universit\u00e9 de Lille 1<\/li>\n<li>Nizar Kheir, Orange Labs<\/li>\n<li>Nikola\u00ef Kosmatov, CEA LIST<\/li>\n<li>Fabien Laguillaumie, Universit\u00e9 de Lyon 1<\/li>\n<li>Sylvie Laniepce, Orange Labs<\/li>\n<li>Vincent Nicomette, INSA Toulouse<\/li>\n<li>Vicente Sanchez-Leighton, Viaccess-Orca<\/li>\n<li>Christian Toinard, INSA Centre Val de Loire<\/li>\n<\/ul>\n<p><\/p>","protected":false},"excerpt":{"rendered":"<p>Organizers Louis Rilling, DGA Information Superiority (DGA-MI) S\u00e9bastien Canard, Orange Labs Marc Lacoste, Orange Labs Program Committee \u00c9ric Alata, INSA Toulouse Nadia Bennani, INSA Lyon Fr\u00e9d\u00e9ric Cuppens, T\u00e9l\u00e9com Bretagne Nora Cuppens-Boulahia, T\u00e9l\u00e9com Bretagne Caroline Fontaine, CNRS Micha\u00ebl Hauspie, Universit\u00e9 de Lille 1 Nizar Kheir, Orange Labs Nikola\u00ef Kosmatov, CEA LIST\u2026<\/p>\n<p> <a class=\"continue-reading-link\" href=\"https:\/\/sec2-2016.inria.fr\/en\/committees\/\"><span>Continue reading<\/span><i class=\"crycon-right-dir\"><\/i><\/a> <\/p>\n","protected":false},"author":734,"featured_media":0,"parent":0,"menu_order":0,"comment_status":"closed","ping_status":"closed","template":"","meta":{"footnotes":""},"class_list":["post-70","page","type-page","status-publish","hentry"],"_links":{"self":[{"href":"https:\/\/sec2-2016.inria.fr\/en\/wp-json\/wp\/v2\/pages\/70","targetHints":{"allow":["GET"]}}],"collection":[{"href":"https:\/\/sec2-2016.inria.fr\/en\/wp-json\/wp\/v2\/pages"}],"about":[{"href":"https:\/\/sec2-2016.inria.fr\/en\/wp-json\/wp\/v2\/types\/page"}],"author":[{"embeddable":true,"href":"https:\/\/sec2-2016.inria.fr\/en\/wp-json\/wp\/v2\/users\/734"}],"replies":[{"embeddable":true,"href":"https:\/\/sec2-2016.inria.fr\/en\/wp-json\/wp\/v2\/comments?post=70"}],"version-history":[{"count":12,"href":"https:\/\/sec2-2016.inria.fr\/en\/wp-json\/wp\/v2\/pages\/70\/revisions"}],"predecessor-version":[{"id":105,"href":"https:\/\/sec2-2016.inria.fr\/en\/wp-json\/wp\/v2\/pages\/70\/revisions\/105"}],"wp:attachment":[{"href":"https:\/\/sec2-2016.inria.fr\/en\/wp-json\/wp\/v2\/media?parent=70"}],"curies":[{"name":"wp","href":"https:\/\/api.w.org\/{rel}","templated":true}]}}